{"id":694,"date":"2025-01-29T14:01:43","date_gmt":"2025-01-29T13:01:43","guid":{"rendered":"https:\/\/pablomonterollano.con2webs.es\/aviso-legal\/"},"modified":"2025-04-01T11:40:03","modified_gmt":"2025-04-01T09:40:03","slug":"avviso-legale","status":"publish","type":"page","link":"https:\/\/pablomonterollano.com\/it\/avviso-legale\/","title":{"rendered":"Avviso Legale"},"content":{"rendered":"<style>.kb-row-layout-id694_bd67a9-a5 > .kt-row-column-wrap{align-content:start;}:where(.kb-row-layout-id694_bd67a9-a5 > .kt-row-column-wrap) > .wp-block-kadence-column{justify-content:start;}.kb-row-layout-id694_bd67a9-a5 > .kt-row-column-wrap{column-gap:var(--global-kb-gap-md, 2rem);row-gap:var(--global-kb-gap-md, 2rem);max-width:var( --global-content-width, 1290px );padding-left:var(--global-content-edge-padding);padding-right:var(--global-content-edge-padding);padding-top:var(--global-kb-spacing-sm, 1.5rem);padding-bottom:var(--global-kb-spacing-sm, 1.5rem);grid-template-columns:minmax(0, 1fr);}.kb-row-layout-id694_bd67a9-a5 > .kt-row-layout-overlay{opacity:0.30;}@media all and (max-width: 1024px){.kb-row-layout-id694_bd67a9-a5 > .kt-row-column-wrap{grid-template-columns:minmax(0, 1fr);}}@media all and (max-width: 767px){.kb-row-layout-id694_bd67a9-a5 > .kt-row-column-wrap{grid-template-columns:minmax(0, 1fr);}}<\/style><div class=\"kb-row-layout-wrap kb-row-layout-id694_bd67a9-a5 alignnone wp-block-kadence-rowlayout\"><div class=\"kt-row-column-wrap kt-has-1-columns kt-row-layout-equal kt-tab-layout-inherit kt-mobile-layout-row kt-row-valign-top kb-theme-content-width\">\n<style>.kadence-column694_1467e4-bf > .kt-inside-inner-col,.kadence-column694_1467e4-bf > .kt-inside-inner-col:before{border-top-left-radius:0px;border-top-right-radius:0px;border-bottom-right-radius:0px;border-bottom-left-radius:0px;}.kadence-column694_1467e4-bf > .kt-inside-inner-col{column-gap:var(--global-kb-gap-sm, 1rem);}.kadence-column694_1467e4-bf > .kt-inside-inner-col{flex-direction:column;}.kadence-column694_1467e4-bf > .kt-inside-inner-col > .aligncenter{width:100%;}.kadence-column694_1467e4-bf > .kt-inside-inner-col:before{opacity:0.3;}.kadence-column694_1467e4-bf{position:relative;}@media all and (max-width: 1024px){.kadence-column694_1467e4-bf > .kt-inside-inner-col{flex-direction:column;justify-content:center;}}@media all and (max-width: 767px){.kadence-column694_1467e4-bf > .kt-inside-inner-col{flex-direction:column;justify-content:center;}}<\/style>\n<div class=\"wp-block-kadence-column kadence-column694_1467e4-bf\"><div class=\"kt-inside-inner-col\">\n<p>In generale, i rapporti tra Pablo Montero Llano e i suoi clienti derivanti dalla contrattazione dei prodotti e dei servizi contenuti in questo sito sono soggetti alla legislazione e alla giurisdizione spagnola.<\/p>\n\n\n\n<p>Questo sito web \u00e8 stato creato da Pablo Montero Llano, a scopo informativo e per uso personale.<\/p>\n\n\n\n<p>L&#8217;accesso a questo sito web implica la conoscenza e l&#8217;accettazione dei seguenti termini e condizioni.<\/p>\n\n\n\n<p>Ti informiamo che il sito www.pablomonterollano.com \u00e8 di propriet\u00e0 di Pablo Montero Llano, legalmente registrato con numero di Partita IVA spagnolo 02563119E.<\/p>\n\n\n\n<h2 class=\"wp-block-heading\">TERMINI E CONDIZIONI<\/h2>\n\n\n\n<p>I contenuti, le attivit\u00e0 commerciali, i prodotti e i servizi inclusi in questo sito web non sono destinati a, e non sono diretti a, persone residenti in giurisdizioni in cui i loro contenuti non sono autorizzati.<\/p>\n\n\n\n<p>Solo le pagine elencate nell&#8217;indice e servite da www.pablomonterollano.com sono incluse in questo sito.<\/p>\n\n\n\n<p>L&#8217;accesso a questo sito web \u00e8 di esclusiva responsabilit\u00e0 degli utenti.<\/p>\n\n\n\n<p>L&#8217;accesso a questo sito web non implica alcun tipo di relazione commerciale tra Pablo Montero Llano e l&#8217;utente.<\/p>\n\n\n\n<p>L&#8217;accesso e la navigazione in questo sito web implicano l&#8217;accettazione e la conoscenza delle avvertenze legali, delle condizioni e dei termini di utilizzo in esso contenuti.<\/p>\n\n\n\n<h2 class=\"wp-block-heading\">AGGIORNAMENTO E MODIFICA DELLE INFORMAZIONI<\/h2>\n\n\n\n<p>Le informazioni contenute in questo sito web sono aggiornate alla data dell&#8217;ultimo aggiornamento. Pablo Montero Llano si riserva il diritto di aggiornare, modificare o cancellare le informazioni contenute in questo sito web e di limitarne o negarne l&#8217;accesso.<\/p>\n\n\n\n<p>Questo sito web non pu\u00f2 essere alterato, cambiato, modificato o adattato. Tuttavia, Pablo Montero Llano si riserva il diritto di apportare, in qualsiasi momento, tutti i cambiamenti e le modifiche che riterr\u00e0 opportuni e potr\u00e0 avvalersi di tale diritto in qualsiasi momento e senza preavviso.<\/p>\n\n\n\n<p>Pablo Montero Llano si riserva il diritto di aggiornare in qualsiasi momento le condizioni generali, commerciali e non, del sito web (modifiche a prodotti, prezzi, promozioni e altre condizioni commerciali e di servizio). Tali cambiamenti e modifiche non influiranno sui contratti gi\u00e0 perfezionati tra Pablo Montero Llano e i suoi clienti, fatte salve le modifiche che possono essere concordate di comune accordo e i casi di caso fortuito o forza maggiore.<\/p>\n\n\n\n<h2 class=\"wp-block-heading\">CONTENUTI<\/h2>\n\n\n\n<p>Pablo Montero Llano si impegna al massimo per evitare qualsiasi errore nei contenuti che possono apparire su questo sito web. Pablo Montero Llano non garantisce e non \u00e8 responsabile delle conseguenze che possono derivare da errori nei contenuti che possono apparire su questo sito web, forniti da terzi. Nel caso in cui vi sia un errore tipografico in uno dei prezzi indicati e un cliente abbia deciso di acquistare sulla base di tale errore, Pablo Montero Llano informer\u00e0 il cliente di tale errore e il cliente avr\u00e0 il diritto di annullare l&#8217;acquisto senza alcun costo da parte sua. Fermo restando quanto sopra, in nessun caso i contratti esistenti tra Pablo Montero Llano e i suoi clienti potranno essere modificati, salvo in caso di circostanze impreviste o di forza maggiore.<\/p>\n\n\n\n<p>Le descrizioni degli articoli che appaiono su www.pablomonterollano.com sono accurate e si basano sulle informazioni fornite dai brand e\/o dai fornitori dei prodotti. Tutte le informazioni incluse nella descrizione di ciascun prodotto e\/o nella sua fotografia sono a scopo puramente informativo e www.pablomonterollano.com declina ogni responsabilit\u00e0 per eventuali errori in tali informazioni. Tuttavia, si impegna a prendere tutte le misure in suo potere per correggere i suddetti errori nel pi\u00f9 breve tempo possibile, una volta che ne sia stata informata.<\/p>\n\n\n\n<p>I contenuti del sito web possono, a volte, mostrare informazioni provvisorie sulla natura di alcuni prodotti. Nel caso in cui le informazioni fornite non corrispondano alle caratteristiche del prodotto, il cliente avr\u00e0 il diritto di annullare l&#8217;acquisto senza alcun costo da parte sua.<\/p>\n\n\n\n<p>Pablo Montero Llano non \u00e8 responsabile in alcun modo dei contenuti, delle attivit\u00e0 commerciali, dei prodotti e dei servizi inclusi che possono essere visualizzati tramite link elettronici, direttamente o indirettamente, attraverso questo sito web. La presenza di link sul sito web di Pablo Montero Llano, se non espressamente indicato il contrario, ha uno scopo puramente informativo e non implica in nessun caso un suggerimento, un invito o una raccomandazione degli stessi. Questi link non rappresentano alcun tipo di relazione tra Pablo Montero Llano e le persone o le aziende proprietarie dei siti web a cui \u00e8 possibile accedere tramite questi link. Pablo Montero Llano si riserva il diritto di ritirare unilateralmente e in qualsiasi momento i link che compaiono sul suo sito web.<\/p>\n\n\n\n<p>Pablo Montero Llano non si assume alcuna responsabilit\u00e0 per il contenuto di qualsiasi forum o discussione nel cyberspazio (chat), bacheche, o qualsiasi tipo di trasmissione, che siano collegati a questo sito web e collaborer\u00e0, se richiesto da un ordine del tribunale o dalle autorit\u00e0 competenti, nell&#8217;identificazione delle persone responsabili di tali contenuti che violano la legge.<\/p>\n\n\n\n<p>Pablo Montero Llano esclude qualsiasi responsabilit\u00e0 che possa derivare dalla trasmissione di informazioni tra utenti. La responsabilit\u00e0 delle affermazioni diffuse su questo sito web \u00e8 esclusiva di chi le fa. \u00c8 vietato qualsiasi tipo di trasmissione di dati da parte degli utenti a questo o attraverso questo sito web o altri accessi controllati da Pablo Montero Llano, che violi i diritti di propriet\u00e0 di terzi e il cui contenuto sia minaccioso, diffamatorio, osceno, pornografico o la trasmissione di qualsiasi altro materiale che costituisca o inciti a comportamenti che possano essere considerati un reato.<\/p>\n\n\n\n<p>Pablo Montero Llano si riserva il diritto di impedire o proibire l&#8217;accesso a qualsiasi utente di Internet che introduca su questo sito web contenuti contrari alle norme legali o immorali, riservandosi il diritto di esercitare le misure legali che riterr\u00e0 opportune per prevenire questo tipo di condotta. A sua volta, in caso di vendita o commercializzazione di prodotti sul nostro sito web che richiedano all&#8217;acquirente una certa et\u00e0 in base alla legislazione vigente nel paese di origine, l&#8217;acquirente dichiara di soddisfare tale requisito al fine di formalizzare l&#8217;acquisto.<\/p>\n\n\n\n<h2 class=\"wp-block-heading\">NAVIGAZIONE, ACCESSO E SICUREZZA<\/h2>\n\n\n\n<p>L&#8217;accesso e la navigazione in questo sito web implicano l&#8217;accettazione e la conoscenza delle avvertenze legali, delle condizioni e dei termini di utilizzo in esso contenuti. Pablo Montero Llano compie ogni sforzo per garantire che la navigazione avvenga nelle migliori condizioni possibili e per evitare danni di qualsiasi tipo che possano essere causati durante la navigazione.<\/p>\n\n\n\n<p>Questo sito web \u00e8 stato progettato per essere compatibile con i browser pi\u00f9 diffusi tra gli utenti di Internet. Pablo Montero Llano non si assume alcuna responsabilit\u00e0 per i danni di qualsiasi tipo che possano essere causati agli utenti dall&#8217;uso di altri browser o di versioni diverse dei browser per i quali il sito \u00e8 stato progettato.<\/p>\n\n\n\n<p>Pablo Montero Llano non \u00e8 responsabile e non garantisce che l&#8217;accesso a questo sito web sia ininterrotto o privo di errori, a condizione che tali incidenti o errori provengano da fonti esterne a Pablo Montero Llano. Inoltre, non si assume alcuna responsabilit\u00e0 n\u00e9 garantisce che il software a cui si pu\u00f2 accedere attraverso questo sito sia privo di errori provenienti da terzi. Allo stesso modo, Pablo Montero Llano non sar\u00e0 in alcun caso responsabile di eventuali perdite, danni o pregiudizi di qualsiasi tipo derivanti dall&#8217;accesso e dall&#8217;utilizzo del sito web, a condizione che provengano da fonti esterne al controllo di Pablo Montero Llano. Pablo Montero Llano non \u00e8 responsabile di alcun danno che possa derivare dall&#8217;uso inappropriato di questo sito web.<\/p>\n\n\n\n<p>I servizi offerti da questo sito web possono essere utilizzati correttamente solo se vengono rispettate le specifiche tecniche per cui \u00e8 stato progettato.<\/p>\n\n\n\n<h2 class=\"wp-block-heading\">PROPRIET\u00c0 INTELLETTUALE E INDUSTRIALE<\/h2>\n\n\n\n<p>Questo sito web e i suoi contenuti sono protetti dalle leggi sulla propriet\u00e0 intellettuale. Non possono essere sfruttati, riprodotti, distribuiti, modificati, comunicati pubblicamente, trasferiti o trasformati. L&#8217;accesso a questo sito web non conferisce agli utenti alcun diritto o propriet\u00e0 sui diritti di propriet\u00e0 intellettuale dei contenuti di questo sito web.<\/p>\n\n\n\n<p>Il contenuto di questo sito web pu\u00f2 essere scaricato sul terminale dell&#8217;utente, a condizione che sia per uso privato e senza alcuno scopo commerciale; pertanto non puoi sfruttare, riprodurre, distribuire, modificare, comunicare pubblicamente, trasferire, trasformare o utilizzare il contenuto di questo sito web per scopi pubblici o commerciali.<\/p>\n\n\n\n<p>Pablo Montero Llano non trasferisce la propriet\u00e0 del suo software agli utenti. L&#8217;utente \u00e8 il proprietario del supporto su cui \u00e8 registrato il software. Pablo Montero Llano conserva tutti i diritti di propriet\u00e0 industriale e intellettuale del software. Se l&#8217;utente trasferisce il software da questo sito web al proprio terminale, non pu\u00f2 sezionarlo per studiarlo, decompilarlo o tradurre la versione del codice oggetto originale o il suo linguaggio in un altro codice o linguaggio.<\/p>\n\n\n\n<p>Il nome commerciale, i brand, il logo, i prodotti e i servizi contenuti in questo sito web sono protetti dalla legge.<\/p>\n\n\n\n<p>Pablo Montero Llano si riserva il diritto di intraprendere azioni legali contro gli utenti che violano o infrangono i diritti di propriet\u00e0 intellettuale e industriale.<\/p>\n\n\n\n<h2 class=\"wp-block-heading\">PROTEZIONE DEI DATI E SICUREZZA DELLE INFORMAZIONI<\/h2>\n\n\n\n<p>La visita a questo sito web non implica che l&#8217;utente sia obbligato a fornire informazioni su di s\u00e9. Al momento della raccolta dei dati dell&#8217;utente, verr\u00e0 indicata la natura volontaria o obbligatoria dei dati da raccogliere. Il rifiuto di fornire dati classificati come obbligatori comporter\u00e0 la mancata fornitura o l&#8217;impossibilit\u00e0 di accedere al servizio per il quale sono stati richiesti. Allo stesso modo, i dati possono essere forniti su base volontaria con l&#8217;obiettivo di fornire i servizi offerti in modo pi\u00f9 ottimale.<\/p>\n\n\n\n<p>Nel caso in cui gli utenti di questo sito web debbano fornire il proprio indirizzo e-mail per accedere ad alcuni dei servizi offerti, possono dichiarare di non voler ricevere alcun tipo di comunicazione che Pablo Montero Llano potrebbe inviare. Pablo Montero Llano fornir\u00e0 agli utenti che si sono iscritti a qualsiasi tipo di mailing list su questo sito web i meccanismi appropriati per cancellarsi da essa.<\/p>\n\n\n\n<p>Per garantire la sicurezza delle transazioni, Pablo Montero Llano informa i suoi clienti che \u00e8 ospitato su un server sicuro con un certificato di protezione SSL, in modo che le informazioni viaggino criptate e codificate su Internet e nessuno possa accedervi.<\/p>\n\n\n\n<p>L&#8217;accesso a questo sito web pu\u00f2 comportare l&#8217;utilizzo di cookie. I cookie sono piccole quantit\u00e0 di informazioni che vengono memorizzate nel browser utilizzato da ciascun utente in modo che il server ricordi determinate informazioni che solo il server che le ha implementate potr\u00e0 leggere successivamente. I cookie hanno generalmente una durata limitata nel tempo. Nessun cookie consente di contattare il numero di telefono, l&#8217;indirizzo e-mail o qualsiasi altro mezzo di contatto dell&#8217;utente. Nessun cookie pu\u00f2 estrarre informazioni dal disco rigido dell&#8217;utente o rubare informazioni personali. Gli utenti che non desiderano ricevere i cookie o desiderano essere informati sulle loro impostazioni possono configurare il proprio browser di conseguenza. Tutte le persone i cui dati personali sono trattati possono esercitare gratuitamente i diritti di opposizione, accesso, rettifica e cancellazione dei propri dati in conformit\u00e0 con i termini della Legge Organica 15\/1999, sulla Protezione dei Dati Personali. Tali diritti possono essere esercitati attraverso uno dei seguenti canali.<\/p>\n\n\n\n<p>In conformit\u00e0 con la Legge 56\/2007, relativa alle Misure per la Promozione della Societ\u00e0 dell&#8217;Informazione, puoi presentare la tua domanda anche via e-mail all&#8217;indirizzo monterollanopablo@gmail.com firmando digitalmente la tua domanda con il tuo Documento d&#8217;Identit\u00e0 Nazionale (DNI) elettronico spagnolo; in questo caso non \u00e8 necessario un ulteriore accreditamento da parte del richiedente.<\/p>\n\n\n\n<p>In caso di domande o dubbi, puoi contattarci via e-mail al seguente indirizzo: monterollanopablo@gmail.com<\/p>\n\n\n\n<p>L&#8217;interessato \u00e8 informato che il trattamento dei dati necessari per evadere la sua richiesta pu\u00f2 comprendere l&#8217;invio di comunicazioni operative, per via elettronica o altro (e-mail, telefono, ecc.), che in ogni caso non richiederanno alcun pagamento da parte sua.<\/p>\n\n\n\n<p>Ti informiamo inoltre che, ai fini della registrazione e della verifica della veridicit\u00e0 delle informazioni fornite durante il processo, i dati forniti potranno essere confrontati con quelli dei gestori al solo scopo di evitare informazioni errate o fraudolente.<\/p>\n\n\n\n<h2 class=\"wp-block-heading\">INFORMAZIONI SUGLI ASPETTI TECNICI<\/h2>\n\n\n\n<p>Pablo Montero Llano non sar\u00e0 responsabile di eventuali danni che possano derivare da interferenze, omissioni, interruzioni, virus informatici, guasti telefonici o disconnessioni nel funzionamento operativo di questo sistema elettronico, causati da motivi al di fuori del controllo di Pablo Montero Llano; ritardi o blocchi nell&#8217;utilizzo di questo sistema elettronico causati da carenze o sovraccarichi del Centro Elaborazione Dati, delle linee telefoniche, del sistema Internet o di altri sistemi elettronici; n\u00e9 alcun danno che possa essere causato da terzi attraverso intromissioni illegittime al di fuori del controllo di Pablo Montero Llano. Allo stesso modo, Pablo Montero Llano \u00e8 esonerato da qualsiasi responsabilit\u00e0 per i danni che l&#8217;utente potrebbe subire a causa di errori, difetti e omissioni nelle informazioni fornite, purch\u00e9 provenienti da fonti esterne.<\/p>\n<\/div><\/div>\n\n<\/div><\/div>","protected":false},"excerpt":{"rendered":"<p>In generale, i rapporti tra Pablo Montero Llano e i suoi clienti derivanti dalla contrattazione dei prodotti e dei servizi contenuti in questo sito sono soggetti alla legislazione e alla giurisdizione spagnola. Questo sito web \u00e8 stato creato da Pablo Montero Llano, a scopo informativo e per uso personale. L&#8217;accesso a questo sito web implica&#8230;<\/p>\n","protected":false},"author":1,"featured_media":0,"parent":0,"menu_order":0,"comment_status":"closed","ping_status":"closed","template":"","meta":{"_kad_blocks_custom_css":"","_kad_blocks_head_custom_js":"","_kad_blocks_body_custom_js":"","_kad_blocks_footer_custom_js":"","_kad_post_transparent":"","_kad_post_title":"show","_kad_post_layout":"normal","_kad_post_sidebar_id":"","_kad_post_content_style":"","_kad_post_vertical_padding":"","_kad_post_feature":"","_kad_post_feature_position":"","_kad_post_header":false,"_kad_post_footer":false,"_kad_post_classname":"","footnotes":""},"class_list":["post-694","page","type-page","status-publish","hentry"],"taxonomy_info":[],"featured_image_src_large":false,"author_info":{"display_name":"admin","author_link":"https:\/\/pablomonterollano.com\/it\/author\/empiezapori\/"},"comment_info":0,"_links":{"self":[{"href":"https:\/\/pablomonterollano.com\/it\/wp-json\/wp\/v2\/pages\/694","targetHints":{"allow":["GET"]}}],"collection":[{"href":"https:\/\/pablomonterollano.com\/it\/wp-json\/wp\/v2\/pages"}],"about":[{"href":"https:\/\/pablomonterollano.com\/it\/wp-json\/wp\/v2\/types\/page"}],"author":[{"embeddable":true,"href":"https:\/\/pablomonterollano.com\/it\/wp-json\/wp\/v2\/users\/1"}],"replies":[{"embeddable":true,"href":"https:\/\/pablomonterollano.com\/it\/wp-json\/wp\/v2\/comments?post=694"}],"version-history":[{"count":5,"href":"https:\/\/pablomonterollano.com\/it\/wp-json\/wp\/v2\/pages\/694\/revisions"}],"predecessor-version":[{"id":943,"href":"https:\/\/pablomonterollano.com\/it\/wp-json\/wp\/v2\/pages\/694\/revisions\/943"}],"wp:attachment":[{"href":"https:\/\/pablomonterollano.com\/it\/wp-json\/wp\/v2\/media?parent=694"}],"curies":[{"name":"wp","href":"https:\/\/api.w.org\/{rel}","templated":true}]}}