{"id":651,"date":"2025-01-29T14:04:29","date_gmt":"2025-01-29T13:04:29","guid":{"rendered":"https:\/\/pablomonterollano.con2webs.es\/politica-de-privacidad\/"},"modified":"2025-03-24T08:42:07","modified_gmt":"2025-03-24T07:42:07","slug":"politica-de-privacidad","status":"publish","type":"page","link":"https:\/\/pablomonterollano.com\/en\/politica-de-privacidad\/","title":{"rendered":"Pol\u00edtica de privacidad"},"content":{"rendered":"<style>.kb-row-layout-id237_90d86d-42 > .kt-row-column-wrap{align-content:start;}:where(.kb-row-layout-id237_90d86d-42 > .kt-row-column-wrap) > .wp-block-kadence-column{justify-content:start;}.kb-row-layout-id237_90d86d-42 > .kt-row-column-wrap{column-gap:var(--global-kb-gap-md, 2rem);row-gap:var(--global-kb-gap-md, 2rem);max-width:var( --global-content-width, 1290px );padding-left:var(--global-content-edge-padding);padding-right:var(--global-content-edge-padding);padding-top:var(--global-kb-spacing-sm, 1.5rem);padding-bottom:var(--global-kb-spacing-sm, 1.5rem);grid-template-columns:minmax(0, 1fr);}.kb-row-layout-id237_90d86d-42 > .kt-row-layout-overlay{opacity:0.30;}@media all and (max-width: 1024px){.kb-row-layout-id237_90d86d-42 > .kt-row-column-wrap{grid-template-columns:minmax(0, 1fr);}}@media all and (max-width: 767px){.kb-row-layout-id237_90d86d-42 > .kt-row-column-wrap{grid-template-columns:minmax(0, 1fr);}}<\/style><div class=\"kb-row-layout-wrap kb-row-layout-id237_90d86d-42 alignnone wp-block-kadence-rowlayout\"><div class=\"kt-row-column-wrap kt-has-1-columns kt-row-layout-equal kt-tab-layout-inherit kt-mobile-layout-row kt-row-valign-top kb-theme-content-width\">\n<style>.kadence-column237_c44fe7-f0 > .kt-inside-inner-col,.kadence-column237_c44fe7-f0 > .kt-inside-inner-col:before{border-top-left-radius:0px;border-top-right-radius:0px;border-bottom-right-radius:0px;border-bottom-left-radius:0px;}.kadence-column237_c44fe7-f0 > .kt-inside-inner-col{column-gap:var(--global-kb-gap-sm, 1rem);}.kadence-column237_c44fe7-f0 > .kt-inside-inner-col{flex-direction:column;}.kadence-column237_c44fe7-f0 > .kt-inside-inner-col > .aligncenter{width:100%;}.kadence-column237_c44fe7-f0 > .kt-inside-inner-col:before{opacity:0.3;}.kadence-column237_c44fe7-f0{position:relative;}@media all and (max-width: 1024px){.kadence-column237_c44fe7-f0 > .kt-inside-inner-col{flex-direction:column;justify-content:center;}}@media all and (max-width: 767px){.kadence-column237_c44fe7-f0 > .kt-inside-inner-col{flex-direction:column;justify-content:center;}}<\/style>\n<div class=\"wp-block-kadence-column kadence-column237_c44fe7-f0\"><div class=\"kt-inside-inner-col\">\n<p>Esta pol\u00edtica expresa c\u00f3mo se tratar\u00e1 y proteger\u00e1 la informaci\u00f3n personal de todas las personas que se relacionan con Pablo Montero Llano a trav\u00e9s de este sitio web. Debes leer todos los apartados del Aviso legal, de la Pol\u00edtica de cookies, en su caso, y de la presente Pol\u00edtica de privacidad antes de utilizar este sitio web.<\/p>\n\n\n\n<p>De conformidad con lo dispuesto en el Reglamento UE 2016\/679, del Parlamento Europeo y del Consejo del 27 de abril de 2016 (RGPD) y la Ley Org\u00e1nica 3\/2018, del 5 de diciembre, de Protecci\u00f3n de Datos Personales y garant\u00eda de los derechos digitales, Pablo Montero Llano te informa de que, mediante la aceptaci\u00f3n de esta Pol\u00edtica de Privacidad, prestas tu consentimiento expreso, informado, libre e inequ\u00edvoco para que los datos que proporcionas, y sobre los que se aplican las medidas de seguridad, t\u00e9cnicas y organizativas previstas en la normativa vigente, sean tratados por Pablo Montero Llano, como responsable del tratamiento.<\/p>\n\n\n\n<p>Los datos de car\u00e1cter personal que pudi\u00e9semos recabar directamente del interesado a trav\u00e9s de www.pablomonterollano.com ser\u00e1n tratados de forma confidencial y quedar\u00e1n incorporados a la correspondiente actividad de tratamiento titularidad de Pablo Montero Llano.<\/p>\n\n\n\n<h2 class=\"wp-block-heading\">\u00bfQU\u00c9 DATOS PERSONALES SE RECOGEN EN ESTE SITIO WEB?<\/h2>\n\n\n\n<p>Para las finalidades establecidas en esta Pol\u00edtica de privacidad, Pablo Montero Llano recaba y trata los datos personales que se detallan a continuaci\u00f3n, que depender\u00e1n de los diferentes productos o servicios que soliciten en este sitio web:<\/p>\n\n\n\n<ul class=\"wp-block-list\">\n<li>Datos identificativos: nombre, apellidos.<\/li>\n\n\n\n<li>Datos de contacto: direcci\u00f3n postal, correo electr\u00f3nico, n\u00famero de tel\u00e9fono m\u00f3vil.<\/li>\n\n\n\n<li>Datos contractuales: datos de operaciones contractuales, DNI, productos y servicios adquiridos, operaciones financieras, datos de pago.<\/li>\n\n\n\n<li>Datos navegaci\u00f3n: direcci\u00f3n IP, tipo e identificaci\u00f3n del dispositivo, tipo de navegador, dominio a trav\u00e9s del cual accede al sitio web, datos de navegaci\u00f3n, actividad en el sitio web.<\/li>\n<\/ul>\n\n\n\n<h2 class=\"wp-block-heading\">\u00bfCON QU\u00c9 BASE LEGAL SE TRATAN ESOS DATOS?<\/h2>\n\n\n\n<p>Tratamos tus datos personales con las siguientes bases legales:<\/p>\n\n\n\n<p>La ejecuci\u00f3n de un contrato con Pablo Montero Llano, para la contrataci\u00f3n de servicios y\/o productos y gestionar los servicios solicitados.&nbsp;<\/p>\n\n\n\n<p>El consentimiento del usuario en relaci\u00f3n al contacto, la suscripci\u00f3n a contenidos y el env\u00edo de comunicaciones comerciales, v\u00eda email, cookies o sistemas de mensajer\u00eda.&nbsp;<\/p>\n\n\n\n<p>El inter\u00e9s leg\u00edtimo del responsable del tratamiento para proteger a los usuarios de la web de Pablo Montero Llano de abusos y fraudes en el uso de nuestros servicios.<\/p>\n\n\n\n<h2 class=\"wp-block-heading\">\u00bfCON QU\u00c9 FINALIDAD TRATAREMOS TUS DATOS?<\/h2>\n\n\n\n<p>En este sitio web, pueden existir diferentes formularios. En cada uno de ellos, la informaci\u00f3n que recoja se utilizar\u00e1 de la siguiente manera:<\/p>\n\n\n\n<p>Formularios de suscripci\u00f3n a contenidos: los datos facilitados ser\u00e1n utilizados exclusivamente para activar la suscripci\u00f3n, enviar la newsletter y mantenerte actualizado sobre novedades y ofertas puntuales, exclusivas para nuestros suscriptores.<\/p>\n\n\n\n<p>Formulario de comentarios: los datos personales introducidos en el formulario para insertar estos comentarios ser\u00e1n utilizados exclusivamente para moderarlos y publicarlos.<\/p>\n\n\n\n<p>Formulario de contacto: en los formularios para la realizaci\u00f3n de consultas, sugerencias o contacto profesional se utilizar\u00e1 la direcci\u00f3n de correo electr\u00f3nico para responder a las mismas y enviar la informaci\u00f3n que el usuario requiera a trav\u00e9s de la web.<\/p>\n\n\n\n<p>Formulario de registro: en este caso, solicitaremos tus datos personales para que puedas crear una cuenta en nuestro sistema y poder acceder a sus funcionalidades.<\/p>\n\n\n\n<p>Formulario de venta: trataremos tus datos para gestionar la compra de nuestros productos y\/o servicios, incluyendo la gesti\u00f3n del pedido, el pago y todas las operaciones relacionadas con la contrataci\u00f3n del servicio o producto elegido. Esto incluye enviar correos electr\u00f3nicos de seguimiento, respuestas, facturas, recibos, etc.<\/p>\n\n\n\n<h2 class=\"wp-block-heading\">TIEMPO DE CONSERVACI\u00d3N DE LOS DATOS PERSONALES<\/h2>\n\n\n\n<p>Los datos personales facilitados se conservar\u00e1n durante el menor tiempo posible teniendo en cuenta los motivos por los que se necesita el tratamiento de los datos, as\u00ed como las obligaciones legales de conservar los datos durante un tiempo determinado, como la legislaci\u00f3n laboral, fiscal o de lucha contra el fraude que exigen la conservaci\u00f3n de los datos personales durante un per\u00edodo determinado o mientras el interesado no retire su consentimiento.<\/p>\n\n\n\n<p>Posteriormente, los datos ser\u00e1n suprimidos conforme a lo dispuesto en la normativa de protecci\u00f3n de datos lo que implica su bloqueo, estando disponibles tan s\u00f3lo a solicitud de Jueces y Tribunales, el Ministerio Fiscal o las Administraciones P\u00fablicas competentes durante el plazo de prescripci\u00f3n de las acciones que pudieran derivar y, transcurrido \u00e9ste, ser\u00e1n eliminados por completo.<\/p>\n\n\n\n<p>Datos de los clientes: El periodo de conservaci\u00f3n de los datos personales variar\u00e1 en funci\u00f3n del servicio que el cliente contrate. En cualquier caso, ser\u00e1 el m\u00ednimo necesario, pudiendo mantenerse hasta:<\/p>\n\n\n\n<p>4 a\u00f1os: Arts. 66 y ss. Ley General Tributaria (libros de contabilidad\u2026).<\/p>\n\n\n\n<p>5 a\u00f1os: Art. 1964 del C\u00f3digo Civil (acciones personales sin plazo especial). \u2013 6 a\u00f1os: Art. 30 del C\u00f3digo de Comercio (libros de contabilidad, facturas\u2026).<\/p>\n\n\n\n<p>10 a\u00f1os: Art. 25 de la Ley de Prevenci\u00f3n del Blanqueo de Capitales y Financiaci\u00f3n del Terrorismo. Datos de los suscriptores o de registro: Desde que el usuario da su consentimiento hasta que lo retire.<\/p>\n\n\n\n<h2 class=\"wp-block-heading\">\u00bfCU\u00c1LES SON TUS DERECHOS EN LO QUE CONCIERNE AL USO DE TUS DATOS?<\/h2>\n\n\n\n<p>Cualquier persona tiene derecho a obtener confirmaci\u00f3n sobre si en Pablo Montero Llano estamos tratando datos personales que le conciernen o no.<\/p>\n\n\n\n<p>Las personas interesadas tienen derecho a:<\/p>\n\n\n\n<ul class=\"wp-block-list\">\n<li>Solicitar el acceso a los datos personales relativos al interesado.<\/li>\n\n\n\n<li>Solicitar su rectificaci\u00f3n o supresi\u00f3n.&nbsp;<\/li>\n\n\n\n<li>Solicitar su cancelaci\u00f3n.<\/li>\n\n\n\n<li>Solicitar la limitaci\u00f3n de su tratamiento.&nbsp;<\/li>\n\n\n\n<li>Oponerse al tratamiento.<\/li>\n\n\n\n<li>Solicitar la portabilidad de los datos.&nbsp;<\/li>\n<\/ul>\n\n\n\n<p>Si has otorgado tu consentimiento para alguna finalidad concreta, tienes derecho a retirar el consentimiento otorgado en cualquier momento, sin que ello afecte a la licitud del tratamiento basado en el consentimiento previo a su retirada.<\/p>\n\n\n\n<p>En caso de que sientas que se han vulnerado tus derechos en lo relativo a la protecci\u00f3n de tus datos personales, especialmente cuando no hayas obtenido satisfacci\u00f3n en el ejercicio de tus derechos, puedes presentar una reclamaci\u00f3n ante la Autoridad de Control en materia de Protecci\u00f3n de Datos. Para ejercitar estos derechos, puedes escribir a monterollanopablo@gmail.com Los formularios tambi\u00e9n pueden ser presentados presencialmente o enviados por carta a las direcciones de contacto del responsable indicadas anteriormente.<\/p>\n\n\n\n<p>En caso de que se act\u00fae a trav\u00e9s de representaci\u00f3n legal deber\u00e1s aportar, adem\u00e1s, DNI y documento acreditativo de la representaci\u00f3n del representante.<\/p>\n\n\n\n<p>Ser\u00e1 necesario aportar fotocopia del DNI o documento equivalente que acredite la identidad y sea considerado v\u00e1lido en derecho, en aquellos supuestos en que el responsable del tratamiento tenga dudas sobre tu identidad.<\/p>\n\n\n\n<h2 class=\"wp-block-heading\">NOTIFICACI\u00d3N Y DECLARACI\u00d3N DE BRECHAS<\/h2>\n\n\n\n<p>En Pablo Montero Llano asumimos medidas de seguridad adecuadas al nivel de riesgo para proteger la informaci\u00f3n personal contra la p\u00e9rdida, el uso indebido y el acceso no autorizado, su divulgaci\u00f3n, alteraci\u00f3n y destrucci\u00f3n, teniendo en cuenta los riesgos que conlleva el procesamiento y la naturaleza de la informaci\u00f3n personal; no obstante, si Pablo Montero Llano determina que los datos personales que trata han sido malversados, se han visto expuestos por una brecha de seguridad o adquiridos de forma incorrecta por un tercero, Pablo Montero Llano actuar\u00e1 de forma inmediata teniendo en cuenta lo establecido por el RGPD y las autoridades de protecci\u00f3n de datos competentes.<\/p>\n\n\n\n<h2 class=\"wp-block-heading\">\u00bfA QU\u00c9 DESTINATARIOS SE COMUNICAR\u00c1N TUS DATOS?<\/h2>\n\n\n\n<p>Para la realizaci\u00f3n de determinados tareas estrictamente necesarias para el desarrollo de la actividad, Pablo Montero Llano puede compartir datos con distintos proveedores de servicios externos, por ejemplo, la empresa de desarrollo y mantenimiento web o de hosting, servicios de procesamiento de pago, procesamiento de pedidos, gesti\u00f3n campa\u00f1as de marketing, gesti\u00f3n de sitios web, y distribuci\u00f3n de correo electr\u00f3nico, empresas de mensajer\u00eda y transporte, a fin de que estos puedan realizar funciones comerciales en nombre de Pablo Montero Llano.<\/p>\n\n\n\n<p>Todas ellas tendr\u00e1n firmado un contrato de prestaci\u00f3n de servicios que les obliga a mantener el mismo nivel de privacidad que se aplica a los tratamientos realizados en este sitio web conforme a la normativa de protecci\u00f3n de datos vigente.<\/p>\n\n\n\n<h2 class=\"wp-block-heading\">SECRETO Y SEGURIDAD DE LOS DATOS<\/h2>\n\n\n\n<p>Pablo Montero Llano se compromete al uso y tratamiento de los datos personales del usuario, respetando su confidencialidad, de acuerdo con la finalidad de aquellos; as\u00ed como a dar cumplimiento a su obligaci\u00f3n de guardarlos y adoptar todas las medidas para evitar la alteraci\u00f3n, p\u00e9rdida, tratamiento o acceso no autorizado, de conformidad con lo establecido en la normativa vigente de protecci\u00f3n de datos.<\/p>\n\n\n\n<p>Pablo Montero Llano no puede garantizar la absoluta inexpugnabilidad de internet, ni, por tanto, la violaci\u00f3n de los datos mediante accesos fraudulentos a ellos por parte de terceros. Con respecto a la confidencialidad del procesamiento, Pablo Montero Llano se asegurar\u00e1 de que cualquier persona que est\u00e9 autorizada por Pablo Montero Llano para procesar los datos del cliente (incluido su personal, colaboradores y prestadores), se encuentre bajo la debida obligaci\u00f3n de confidencialidad (ya sea un deber contractual o legal).<\/p>\n\n\n\n<h2 class=\"wp-block-heading\">EXACTITUD Y VERACIDAD DE LOS DATOS<\/h2>\n\n\n\n<p>Como usuario, eres el \u00fanico responsable de la veracidad y correcci\u00f3n de los datos que nos remitas, exonerando a Pablo Montero Llano de cualquier responsabilidad al respecto. Los usuarios garantizan y responden, en cualquier caso, de la exactitud, vigencia y autenticidad de los datos personales facilitados, y se comprometen a mantenerlos debidamente actualizados.<\/p>\n\n\n\n<h2 class=\"wp-block-heading\">DATOS PERSONALES DE TERCEROS<\/h2>\n\n\n\n<p>En el caso de que los datos personales aportados pertenecieran a un tercero, como usuario garantizas que has informado a dicho tercero de esta Pol\u00edtica de Privacidad y ha obtenido su autorizaci\u00f3n para facilitar sus datos a Pablo Montero Llano con las finalidades se\u00f1aladas. Igualmente, garantizas que los datos aportados son exactos y actualizados, siendo responsable de cualquier da\u00f1o o perjuicio, directo o indirecto, que pudiera ocasionarse como consecuencia del incumplimiento de tal obligaci\u00f3n.<\/p>\n\n\n\n<h2 class=\"wp-block-heading\">CAMBIOS EN LA POL\u00cdTICA DE PRIVACIDAD<\/h2>\n\n\n\n<p>Pablo Montero Llano se reserva el derecho a modificar la presente pol\u00edtica para adaptarla a novedades legislativas o jurisprudenciales, as\u00ed como a pr\u00e1cticas de la industria. En dichos supuestos, anunciar\u00e1 en esta p\u00e1gina los cambios introducidos con razonable antelaci\u00f3n a su puesta en pr\u00e1ctica.<\/p>\n\n\n\n<h2 class=\"wp-block-heading\">INFORMACI\u00d3N ADICIONAL SOBRE PROTECCI\u00d3N DE DATOS<\/h2>\n\n\n\n<p>Si necesita informaci\u00f3n adicional sobre protecci\u00f3n de datos, puede enviarnos un correo electr\u00f3nico a monterollanopablo@gmail.com y, en funci\u00f3n del tipo de relaci\u00f3n que tenga con nuestra entidad y el tratamiento de datos personales que realicemos, le facilitaremos la informaci\u00f3n adicional que corresponda.<\/p>\n<\/div><\/div>\n\n<\/div><\/div>","protected":false},"excerpt":{"rendered":"<p>Esta pol\u00edtica expresa c\u00f3mo se tratar\u00e1 y proteger\u00e1 la informaci\u00f3n personal de todas las personas que se relacionan con Pablo Montero Llano a trav\u00e9s de este sitio web. Debes leer todos los apartados del Aviso legal, de la Pol\u00edtica de cookies, en su caso, y de la presente Pol\u00edtica de privacidad antes de utilizar este&#8230;<\/p>\n","protected":false},"author":1,"featured_media":0,"parent":0,"menu_order":0,"comment_status":"closed","ping_status":"closed","template":"","meta":{"_kad_blocks_custom_css":"","_kad_blocks_head_custom_js":"","_kad_blocks_body_custom_js":"","_kad_blocks_footer_custom_js":"","_kad_post_transparent":"","_kad_post_title":"show","_kad_post_layout":"normal","_kad_post_sidebar_id":"","_kad_post_content_style":"","_kad_post_vertical_padding":"","_kad_post_feature":"","_kad_post_feature_position":"","_kad_post_header":false,"_kad_post_footer":false,"_kad_post_classname":"","footnotes":""},"class_list":["post-651","page","type-page","status-publish","hentry"],"taxonomy_info":[],"featured_image_src_large":false,"author_info":{"display_name":"admin","author_link":"https:\/\/pablomonterollano.com\/en\/author\/empiezapori\/"},"comment_info":0,"_links":{"self":[{"href":"https:\/\/pablomonterollano.com\/en\/wp-json\/wp\/v2\/pages\/651","targetHints":{"allow":["GET"]}}],"collection":[{"href":"https:\/\/pablomonterollano.com\/en\/wp-json\/wp\/v2\/pages"}],"about":[{"href":"https:\/\/pablomonterollano.com\/en\/wp-json\/wp\/v2\/types\/page"}],"author":[{"embeddable":true,"href":"https:\/\/pablomonterollano.com\/en\/wp-json\/wp\/v2\/users\/1"}],"replies":[{"embeddable":true,"href":"https:\/\/pablomonterollano.com\/en\/wp-json\/wp\/v2\/comments?post=651"}],"version-history":[{"count":3,"href":"https:\/\/pablomonterollano.com\/en\/wp-json\/wp\/v2\/pages\/651\/revisions"}],"predecessor-version":[{"id":921,"href":"https:\/\/pablomonterollano.com\/en\/wp-json\/wp\/v2\/pages\/651\/revisions\/921"}],"wp:attachment":[{"href":"https:\/\/pablomonterollano.com\/en\/wp-json\/wp\/v2\/media?parent=651"}],"curies":[{"name":"wp","href":"https:\/\/api.w.org\/{rel}","templated":true}]}}