{"id":660,"date":"2025-01-29T14:01:43","date_gmt":"2025-01-29T13:01:43","guid":{"rendered":"https:\/\/pablomonterollano.con2webs.es\/aviso-legal\/"},"modified":"2025-03-24T08:43:56","modified_gmt":"2025-03-24T07:43:56","slug":"rechtlicher-hinweis","status":"publish","type":"page","link":"https:\/\/pablomonterollano.com\/de\/rechtlicher-hinweis\/","title":{"rendered":"Rechtlicher Hinweis"},"content":{"rendered":"<style>.kb-row-layout-id660_ba1a39-76 > .kt-row-column-wrap{align-content:start;}:where(.kb-row-layout-id660_ba1a39-76 > .kt-row-column-wrap) > .wp-block-kadence-column{justify-content:start;}.kb-row-layout-id660_ba1a39-76 > .kt-row-column-wrap{column-gap:var(--global-kb-gap-md, 2rem);row-gap:var(--global-kb-gap-md, 2rem);max-width:var( --global-content-width, 1290px );padding-left:var(--global-content-edge-padding);padding-right:var(--global-content-edge-padding);padding-top:var(--global-kb-spacing-sm, 1.5rem);padding-bottom:var(--global-kb-spacing-sm, 1.5rem);grid-template-columns:minmax(0, 1fr);}.kb-row-layout-id660_ba1a39-76 > .kt-row-layout-overlay{opacity:0.30;}@media all and (max-width: 1024px){.kb-row-layout-id660_ba1a39-76 > .kt-row-column-wrap{grid-template-columns:minmax(0, 1fr);}}@media all and (max-width: 767px){.kb-row-layout-id660_ba1a39-76 > .kt-row-column-wrap{grid-template-columns:minmax(0, 1fr);}}<\/style><div class=\"kb-row-layout-wrap kb-row-layout-id660_ba1a39-76 alignnone wp-block-kadence-rowlayout\"><div class=\"kt-row-column-wrap kt-has-1-columns kt-row-layout-equal kt-tab-layout-inherit kt-mobile-layout-row kt-row-valign-top kb-theme-content-width\">\n<style>.kadence-column660_989f8d-b0 > .kt-inside-inner-col,.kadence-column660_989f8d-b0 > .kt-inside-inner-col:before{border-top-left-radius:0px;border-top-right-radius:0px;border-bottom-right-radius:0px;border-bottom-left-radius:0px;}.kadence-column660_989f8d-b0 > .kt-inside-inner-col{column-gap:var(--global-kb-gap-sm, 1rem);}.kadence-column660_989f8d-b0 > .kt-inside-inner-col{flex-direction:column;}.kadence-column660_989f8d-b0 > .kt-inside-inner-col > .aligncenter{width:100%;}.kadence-column660_989f8d-b0 > .kt-inside-inner-col:before{opacity:0.3;}.kadence-column660_989f8d-b0{position:relative;}@media all and (max-width: 1024px){.kadence-column660_989f8d-b0 > .kt-inside-inner-col{flex-direction:column;justify-content:center;}}@media all and (max-width: 767px){.kadence-column660_989f8d-b0 > .kt-inside-inner-col{flex-direction:column;justify-content:center;}}<\/style>\n<div class=\"wp-block-kadence-column kadence-column660_989f8d-b0\"><div class=\"kt-inside-inner-col\">\n<p>Im Allgemeinen unterliegen die Beziehungen zwischen Pablo Montero Llano und seinen Kunden, die sich aus dem Abschluss von Vertr\u00e4gen \u00fcber die auf dieser Website enthaltenen Produkte und Dienstleistungen ergeben, der spanischen Gesetzgebung und Rechtsprechung.<\/p>\n\n\n\n<p>Diese Website wurde von Pablo Montero Llano zu Informationszwecken und zum pers\u00f6nlichen Gebrauch erstellt.<\/p>\n\n\n\n<p>Der Zugriff auf diese Website setzt die Kenntnis und Annahme der folgenden Bedingungen voraus.<\/p>\n\n\n\n<p>Wir informieren Sie dar\u00fcber, dass die Website www.pablomonterollano.com Eigentum von Pablo Montero Llano ist, rechtlich registriert unter NIE: (ES) 02563119E.<\/p>\n\n\n\n<h2 class=\"wp-block-heading\">BEDINGUNGEN UND KONDITIONEN<\/h2>\n\n\n\n<p>Die auf dieser Website enthaltenen Inhalte, kommerziellen Aktivit\u00e4ten, Produkte und Dienstleistungen sind nicht f\u00fcr Personen bestimmt und richten sich nicht an Personen, die in L\u00e4ndern wohnen, in denen ihre Inhalte nicht zugelassen sind.<\/p>\n\n\n\n<p>Nur die im Index aufgef\u00fchrten und von www.pablomonterollano.com bedienten Seiten sind auf dieser Website enthalten.<\/p>\n\n\n\n<p>Der Zugang zu dieser Website liegt in der alleinigen Verantwortung der Nutzer.<\/p>\n\n\n\n<p>Der Zugriff auf diese Website impliziert keine Art von Gesch\u00e4ftsbeziehung zwischen Pablo Montero Llano und dem Nutzer.<\/p>\n\n\n\n<p>Der Zugriff auf diese Website und das Browsen auf sie setzt die Annahme und Kenntnis der darin enthaltenen rechtlichen Hinweise, Bedingungen und Nutzungsbedingungen voraus.<\/p>\n\n\n\n<h2 class=\"wp-block-heading\">AKTUALISIERUNG UND \u00c4NDERUNG VON INFORMATIONEN<\/h2>\n\n\n\n<p>Die Informationen, die auf dieser Website erscheinen, sind zum Zeitpunkt ihrer letzten Aktualisierung aktuell. Pablo Montero Llano beh\u00e4lt sich das Recht vor, die Informationen auf dieser Website zu aktualisieren, zu \u00e4ndern oder zu l\u00f6schen, und kann den Zugang dazu einschr\u00e4nken oder verweigern.<\/p>\n\n\n\n<p>Diese Website darf nicht ver\u00e4ndert, modifiziert oder angepasst werden. Pablo Montero Llano beh\u00e4lt sich jedoch das Recht vor, jederzeit so viele \u00c4nderungen und Anpassungen vorzunehmen, wie sie f\u00fcr angemessen h\u00e4lt, und kann von diesem Recht jederzeit und ohne vorherige Ank\u00fcndigung Gebrauch machen.<\/p>\n\n\n\n<p>Pablo Montero Llano beh\u00e4lt sich das Recht vor, jederzeit die Allgemeinen Gesch\u00e4ftsbedingungen der Website zu aktualisieren (\u00c4nderungen an Produkte, Preisen, Werbeaktionen und andere Gesch\u00e4fts- und Servicebedingungen). Solche \u00c4nderungen und Modifikationen haben keinen Einfluss auf die Vertr\u00e4ge, die bereits zwischen Pablo Montero Llano und seinen Kunden abgeschlossen wurden, unbeschadet der \u00c4nderungen, die im gegenseitigen Einvernehmen vereinbart werden k\u00f6nnen, und der F\u00e4lle von zuf\u00e4lligen Ereignissen oder h\u00f6herer Gewalt.<\/p>\n\n\n\n<h2 class=\"wp-block-heading\">INHALT<\/h2>\n\n\n\n<p>Pablo Montero Llano unternimmt alle Anstrengungen, um Fehler in den Inhalten dieser Website zu vermeiden. Pablo Montero Llano \u00fcbernimmt keine Garantie und ist nicht verantwortlich f\u00fcr eventuelle Folgen, die sich aus Fehlern in den Inhalten ergeben, die auf dieser Website erscheinen und von Dritten bereitgestellt werden. Wenn ein Druckfehler in einem der angezeigten Preise vorliegt und ein Kunde eine Kaufentscheidung auf der Grundlage dieses Fehlers getroffen hat, wird Pablo Montero Llano den Kunden \u00fcber diesen Fehler informieren und der Kunde hat das Recht, den Kauf ohne jegliche Kosten zu stornieren. Ungeachtet des Vorstehenden werden die bestehenden Vertr\u00e4ge zwischen Pablo Montero Llano und seinen Kunden unter keinen Umst\u00e4nden ber\u00fchrt, au\u00dfer im Falle unvorhergesehener Umst\u00e4nde oder h\u00f6herer Gewalt.<\/p>\n\n\n\n<p>Die Beschreibungen der Artikel, die auf www.pablomonterollano.com erscheinen, sind genau und basieren auf den Informationen, die von den Marken und\/oder Lieferanten der Produkte zur Verf\u00fcgung gestellt werden. Alle Informationen, die in der Produktbeschreibung und\/oder auf dem Foto eines jeden Produkts enthalten sind, dienen nur zu Informationszwecken, und www.pablomonterollano.com lehnt jede Verantwortung f\u00fcr das Auftreten von Fehlern in diesen Informationen ab. Sie verpflichtet sich jedoch, alle in ihrer Macht stehenden Ma\u00dfnahmen zu ergreifen, um die genannten Fehler so schnell wie m\u00f6glich zu korrigieren, sobald sie davon Kenntnis erh\u00e4lt.<\/p>\n\n\n\n<p>Der Inhalt der Website kann gelegentlich vorl\u00e4ufige Informationen \u00fcber die Beschaffenheit einiger Produkte enthalten. F\u00fcr den Fall, dass die bereitgestellten Informationen nicht mit den Eigenschaften des Produkts \u00fcbereinstimmen, hat der Kunde das Recht, den Kauf ohne Kosten seinerseits zu stornieren.<\/p>\n\n\n\n<p>Pablo Montero Llano ist in keiner Weise f\u00fcr die Inhalte, kommerziellen Aktivit\u00e4ten, Produkte und Dienstleistungen verantwortlich, die \u00fcber elektronische Links direkt oder indirekt \u00fcber diese Website zug\u00e4nglich sind. Das Vorhandensein von Links auf der Website von Pablo Montero Llano dient, sofern nicht ausdr\u00fccklich anders angegeben, nur zu Informationszwecken und stellt in keinem Fall eine Anregung, Einladung oder Empfehlung derselben dar. Diese Links stellen keinerlei Beziehung zwischen Pablo Montero Llano und den Personen oder Unternehmen dar, die Eigent\u00fcmer der Websites sind, auf die \u00fcber diese Links zugegriffen werden kann. Pablo Montero Llano beh\u00e4lt sich das Recht vor, die Links, die auf seiner Website erscheinen, einseitig und jederzeit zur\u00fcckzuziehen.<\/p>\n\n\n\n<p>Pablo Montero Llano \u00fcbernimmt keine Verantwortung f\u00fcr den Inhalt von Foren oder Diskussionen im Cyberspace (Chats), Bulletin Boards oder jegliche Art von \u00dcbertragungen, die mit dieser Website verlinkt sind, und wird, wenn dies von einem Gericht oder den zust\u00e4ndigen Beh\u00f6rden verlangt wird, bei der Identifizierung der Personen, die f\u00fcr diese Inhalte, die gegen das Gesetz versto\u00dfen, verantwortlich sind, kooperieren.<\/p>\n\n\n\n<p>Pablo Montero Llano schlie\u00dft jede Haftung aus, die sich aus der \u00dcbermittlung von Informationen zwischen Nutzern ergeben k\u00f6nnte. Die Verantwortung f\u00fcr die auf dieser Website verbreiteten Aussagen liegt ausschlie\u00dflich bei denjenigen, die sie machen. Jegliche Art der Daten\u00fcbertragung von Nutzern an diese oder \u00fcber diese Website oder andere von Pablo Montero Llano kontrollierte Zug\u00e4nge, die die Eigentumsrechte Dritter verletzen und deren Inhalt bedrohlich, verleumderisch, obsz\u00f6n oder pornografisch ist, oder die \u00dcbertragung von anderem Material, das ein Verhalten darstellt oder zu einem Verhalten anregt, das als Straftat angesehen werden kann, ist verboten.<\/p>\n\n\n\n<p>Pablo Montero Llano beh\u00e4lt sich das Recht vor, jedem Internetnutzer, der auf dieser Website Inhalte einstellt, die gegen das Gesetz oder die guten Sitten versto\u00dfen, den Zugang zu verweigern oder zu verbieten, und beh\u00e4lt sich das Recht vor, die rechtlichen Ma\u00dfnahmen zu ergreifen, die es f\u00fcr angemessen h\u00e4lt, um diese Art von Verhalten zu verhindern. Im Falle des Verkaufs oder der Vermarktung von Produkten auf unserer Website, die ein bestimmtes Alter des K\u00e4ufers gem\u00e4\u00df der in seinem Herkunftsland geltenden Gesetzgebung erfordern, erkl\u00e4rt der K\u00e4ufer seinerseits, dass er diese Anforderung erf\u00fcllt, um den Kauf zu formalisieren.<\/p>\n\n\n\n<h2 class=\"wp-block-heading\">NAVIGATION, ZUGANG UND SICHERHEIT<\/h2>\n\n\n\n<p>Der Zugang und das Surfen auf dieser Website setzt die Annahme und Kenntnis der darin enthaltenen rechtlichen Hinweise, Bedingungen und Nutzungsbedingungen voraus. Pablo Montero Llano unternimmt alle Anstrengungen, um sicherzustellen, dass das Surfen unter den bestm\u00f6glichen Bedingungen erfolgt und um Sch\u00e4den jeglicher Art zu vermeiden, die beim Surfen entstehen k\u00f6nnen.<\/p>\n\n\n\n<p>Diese Website wurde so gestaltet, dass sie mit den unter Internetnutzern am weitesten verbreiteten Browsern kompatibel ist. Pablo Montero Llano \u00fcbernimmt keine Verantwortung f\u00fcr Sch\u00e4den jeglicher Art, die den Nutzern durch die Verwendung anderer Browser oder anderer Versionen der Browser, f\u00fcr die die Website konzipiert wurde, entstehen k\u00f6nnen.<\/p>\n\n\n\n<p>Pablo Montero Llano ist nicht daf\u00fcr verantwortlich und garantiert nicht, dass der Zugang zu dieser Website ununterbrochen oder fehlerfrei sein wird, sofern solche Vorf\u00e4lle oder Fehler von Quellen au\u00dferhalb von Pablo Montero Llano stammen. Pablo Montero Llano \u00fcbernimmt auch keine Verantwortung oder Garantie daf\u00fcr, dass die Software, auf die \u00fcber diese Website zugegriffen werden kann, frei von Fehlern ist, die von Dritten stammen. Ebenso haftet Pablo Montero Llano unter keinen Umst\u00e4nden f\u00fcr Verluste, Sch\u00e4den oder Beeintr\u00e4chtigungen jeglicher Art, die sich aus dem Zugang zu und der Nutzung der Website ergeben, sofern sie aus Quellen stammen, die au\u00dferhalb der Kontrolle von Pablo Montero Llano liegen. Pablo Montero Llano haftet nicht f\u00fcr Sch\u00e4den, die aus der unsachgem\u00e4\u00dfen Nutzung dieser Website entstehen k\u00f6nnen.<\/p>\n\n\n\n<p>Die auf dieser Website angebotenen Dienste k\u00f6nnen nur dann korrekt genutzt werden, wenn die technischen Spezifikationen, f\u00fcr die sie konzipiert wurden, erf\u00fcllt sind.<\/p>\n\n\n\n<h2 class=\"wp-block-heading\">GEISTIGES UND GEWERBLICHES EIGENTUM<\/h2>\n\n\n\n<p>Diese Website und ihr Inhalt sind durch Gesetze zum Schutz des geistigen Eigentums gesch\u00fctzt. Sie d\u00fcrfen nicht verwertet, vervielf\u00e4ltigt, verbreitet, ver\u00e4ndert, \u00f6ffentlich wiedergegeben, \u00fcbertragen oder umgestaltet werden. Der Zugriff auf diese Website gew\u00e4hrt den Nutzern keinerlei Rechte oder Eigentum an den geistigen Eigentumsrechten der Inhalte dieser Website.<\/p>\n\n\n\n<p>Der Inhalt dieser Website kann auf das Endger\u00e4t des Nutzers heruntergeladen werden, sofern dies f\u00fcr den privaten Gebrauch und ohne kommerzielle Zwecke geschieht; es ist daher nicht gestattet, den Inhalt dieser Website f\u00fcr \u00f6ffentliche oder kommerzielle Zwecke zu nutzen, zu vervielf\u00e4ltigen, zu verbreiten, zu ver\u00e4ndern, \u00f6ffentlich zu kommunizieren, zu \u00fcbertragen, umzuwandeln oder zu verwenden.<\/p>\n\n\n\n<p>Pablo Montero Llano \u00fcbertr\u00e4gt dem Nutzer kein Eigentum an seiner Software. Der Nutzer ist Eigent\u00fcmer des Datentr\u00e4gers, auf dem die Software gespeichert ist. Pablo Montero Llano beh\u00e4lt alle gewerblichen und geistigen Eigentumsrechte, einschlie\u00dflich der Software. Wenn der Benutzer die Software von dieser Website auf sein Endger\u00e4t \u00fcbertr\u00e4gt, darf er sie nicht zu Studienzwecken zerlegen, dekompilieren, die Version des urspr\u00fcnglichen Objektcodes oder seine Sprache in einen anderen Code oder eine andere Sprache \u00fcbersetzen.<\/p>\n\n\n\n<p>Der Handelsname, die Marken, das Logo, die Produkte und die Dienstleistungen auf dieser Website sind gesetzlich gesch\u00fctzt.<\/p>\n\n\n\n<p>Pablo Montero Llano beh\u00e4lt sich das Recht vor, rechtliche Schritte gegen Nutzer einzuleiten, die gegen die Rechte an geistigem und gewerblichem Eigentum versto\u00dfen oder diese verletzen.<\/p>\n\n\n\n<h2 class=\"wp-block-heading\">DATENSCHUTZ UND INFORMATIONSSICHERHEIT<\/h2>\n\n\n\n<p>Der Besuch dieser Website bedeutet nicht, dass der Nutzer verpflichtet ist, irgendwelche Informationen \u00fcber sich selbst anzugeben. Bei der Erhebung von Benutzerdaten wird angegeben, ob die Daten freiwillig oder obligatorisch sind. Die Verweigerung der Angabe von als obligatorisch eingestuften Daten hat zur Folge, dass der Zugang zu dem Dienst, f\u00fcr den sie angefordert wurden, nicht m\u00f6glich ist oder nicht gew\u00e4hrt werden kann. Ebenso k\u00f6nnen Daten auf freiwilliger Basis zur Verf\u00fcgung gestellt werden, um die angebotenen Dienstleistungen optimaler zu erbringen.<\/p>\n\n\n\n<p>F\u00fcr den Fall, dass die Nutzer dieser Website ihre E-Mail-Adresse angeben m\u00fcssen, um Zugang zu einigen der angebotenen Dienste zu erhalten, k\u00f6nnen sie angeben, dass sie keine Mitteilungen von Pablo Montero Llano erhalten m\u00f6chten. Pablo Montero Llano wird den Nutzern, die sich in eine Mailingliste auf dieser Website eingetragen haben, die entsprechenden Mechanismen zur Verf\u00fcgung stellen, um sich aus dieser Liste auszutragen.<\/p>\n\n\n\n<p>Um die Sicherheit der Transaktionen zu gew\u00e4hrleisten, informiert Pablo Montero Llano seine Kunden, dass es auf einem sicheren Server mit SSL-Schutzzertifikat gehostet wird, so dass die Informationen verschl\u00fcsselt und codiert \u00fcber das Internet reisen und niemand darauf zugreifen kann.<\/p>\n\n\n\n<p>Der Zugang zu dieser Website kann die Verwendung von Cookies beinhalten. Cookies sind kleine Informationsmengen, die in dem von jedem Nutzer verwendeten Browser gespeichert werden, so dass sich der Server bestimmte Informationen merkt, die nur der Server, der sie implementiert hat, sp\u00e4ter lesen kann. Cookies haben im Allgemeinen eine begrenzte Dauer. Kein Cookie erlaubt es, die Telefonnummer, die E-Mail-Adresse oder ein anderes Kontaktmittel des Benutzers zu kontaktieren. Kein Cookie kann Informationen von der Festplatte des Benutzers extrahieren oder pers\u00f6nliche Daten stehlen. Nutzer, die keine Cookies erhalten m\u00f6chten oder \u00fcber deren Einstellung informiert werden m\u00f6chten, k\u00f6nnen ihren Browser entsprechend konfigurieren. Alle Personen, deren personenbezogene Daten verarbeitet werden, k\u00f6nnen ihre Rechte auf Widerspruch, Zugang, Berichtigung und L\u00f6schung ihrer Daten gem\u00e4\u00df den Bestimmungen des Organgesetzes 15\/1999 \u00fcber den Schutz personenbezogener Daten kostenlos aus\u00fcben. Diese Rechte k\u00f6nnen \u00fcber einen der folgenden Kan\u00e4le ausge\u00fcbt werden.<\/p>\n\n\n\n<p>Gem\u00e4\u00df dem Gesetz 56\/2007 \u00fcber Ma\u00dfnahmen zur F\u00f6rderung der Informationsgesellschaft k\u00f6nnen Sie Ihren Antrag auch per E-Mail an monterollanopablo@gmail.com stellen, indem Sie Ihren Antrag mit Ihrem spanischen elektronischen Personalausweis (DNI) digital unterzeichnen. In diesem Fall ist keine weitere Akkreditierung durch den Antragsteller erforderlich.<\/p>\n\n\n\n<p>Wenn Sie Fragen oder Zweifel haben, k\u00f6nnen Sie uns per E-Mail unter folgender Adresse kontaktieren: monterollanopablo@gmail.com<\/p>\n\n\n\n<p>Die betroffene Person wird davon in Kenntnis gesetzt, dass die Verarbeitung der Daten, die f\u00fcr die Bearbeitung ihres Ersuchens erforderlich sind, das Versenden operativer Mitteilungen auf elektronischem oder anderem Wege (E-Mail, Telefon usw.) umfassen kann, wof\u00fcr sie in keinem Fall eine Zahlung leisten muss.<\/p>\n\n\n\n<p>Wir informieren Sie auch dar\u00fcber, dass zur Registrierung und zur \u00dcberpr\u00fcfung der Richtigkeit der w\u00e4hrend des Vorgangs gemachten Angaben die angegebenen Daten mit denen der Informationsmanager abgeglichen werden k\u00f6nnen, um falsche oder betr\u00fcgerische Angaben zu vermeiden.<\/p>\n\n\n\n<h2 class=\"wp-block-heading\">INFORMATIONEN \u00dcBER TECHNISCHE ASPEKTE<\/h2>\n\n\n\n<p>Pablo Montero Llano haftet nicht f\u00fcr eventuelle Sch\u00e4den, die durch St\u00f6rungen, Auslassungen, Unterbrechungen, Computerviren, Telefonausf\u00e4lle oder Unterbrechungen des Betriebs dieses elektronischen Systems aus Gr\u00fcnden entstehen, die au\u00dferhalb der Kontrolle von Pablo Montero Llano liegen; Verz\u00f6gerungen oder Blockaden bei der Nutzung dieses elektronischen Systems, die durch M\u00e4ngel oder \u00dcberlastungen des Rechenzentrums, der Telefonleitungen, des Internet-Systems oder anderer elektronischer Systeme verursacht werden; auch keine Sch\u00e4den, die von Dritten durch unrechtm\u00e4\u00dfige Eingriffe au\u00dferhalb der Kontrolle von Pablo Montero Llano verursacht werden k\u00f6nnen. Ebenso ist Pablo Montero Llano von jeglicher Verantwortung f\u00fcr Sch\u00e4den befreit, die der Nutzer aufgrund von Fehlern, M\u00e4ngeln und Auslassungen in den bereitgestellten Informationen erleiden k\u00f6nnte, sofern diese aus externen Quellen stammen.<\/p>\n<\/div><\/div>\n\n<\/div><\/div>","protected":false},"excerpt":{"rendered":"<p>Im Allgemeinen unterliegen die Beziehungen zwischen Pablo Montero Llano und seinen Kunden, die sich aus dem Abschluss von Vertr\u00e4gen \u00fcber die auf dieser Website enthaltenen Produkte und Dienstleistungen ergeben, der spanischen Gesetzgebung und Rechtsprechung. Diese Website wurde von Pablo Montero Llano zu Informationszwecken und zum pers\u00f6nlichen Gebrauch erstellt. Der Zugriff auf diese Website setzt die&#8230;<\/p>\n","protected":false},"author":1,"featured_media":0,"parent":0,"menu_order":0,"comment_status":"closed","ping_status":"closed","template":"","meta":{"_kad_blocks_custom_css":"","_kad_blocks_head_custom_js":"","_kad_blocks_body_custom_js":"","_kad_blocks_footer_custom_js":"","_kad_post_transparent":"","_kad_post_title":"show","_kad_post_layout":"normal","_kad_post_sidebar_id":"","_kad_post_content_style":"","_kad_post_vertical_padding":"","_kad_post_feature":"","_kad_post_feature_position":"","_kad_post_header":false,"_kad_post_footer":false,"_kad_post_classname":"","footnotes":""},"class_list":["post-660","page","type-page","status-publish","hentry"],"taxonomy_info":[],"featured_image_src_large":false,"author_info":{"display_name":"admin","author_link":"https:\/\/pablomonterollano.com\/de\/author\/empiezapori\/"},"comment_info":0,"_links":{"self":[{"href":"https:\/\/pablomonterollano.com\/de\/wp-json\/wp\/v2\/pages\/660","targetHints":{"allow":["GET"]}}],"collection":[{"href":"https:\/\/pablomonterollano.com\/de\/wp-json\/wp\/v2\/pages"}],"about":[{"href":"https:\/\/pablomonterollano.com\/de\/wp-json\/wp\/v2\/types\/page"}],"author":[{"embeddable":true,"href":"https:\/\/pablomonterollano.com\/de\/wp-json\/wp\/v2\/users\/1"}],"replies":[{"embeddable":true,"href":"https:\/\/pablomonterollano.com\/de\/wp-json\/wp\/v2\/comments?post=660"}],"version-history":[{"count":3,"href":"https:\/\/pablomonterollano.com\/de\/wp-json\/wp\/v2\/pages\/660\/revisions"}],"predecessor-version":[{"id":925,"href":"https:\/\/pablomonterollano.com\/de\/wp-json\/wp\/v2\/pages\/660\/revisions\/925"}],"wp:attachment":[{"href":"https:\/\/pablomonterollano.com\/de\/wp-json\/wp\/v2\/media?parent=660"}],"curies":[{"name":"wp","href":"https:\/\/api.w.org\/{rel}","templated":true}]}}